{"id":1277,"date":"2024-07-08T04:37:45","date_gmt":"2024-07-08T04:37:45","guid":{"rendered":"https:\/\/wordpress.themeholy.com\/tourm\/?page_id=1277"},"modified":"2024-12-20T17:23:22","modified_gmt":"2024-12-20T15:23:22","slug":"par_mums","status":"publish","type":"page","link":"https:\/\/harmonytour.lv\/lv\/par_mums\/","title":{"rendered":"Par mums"},"content":{"rendered":"\t\t<div data-elementor-type=\"wp-page\" data-elementor-id=\"1277\" class=\"elementor elementor-1277\">\n\t\t\t\t<div class=\"elementor-element elementor-element-ae0c789 e-con-full e-flex e-con e-parent\" data-id=\"ae0c789\" data-element_type=\"container\" data-e-type=\"container\">\n\t\t<div class=\"elementor-element elementor-element-0894487 e-flex e-con-boxed e-con e-child\" data-id=\"0894487\" data-element_type=\"container\" data-e-type=\"container\">\n\t\t\t\t\t<div class=\"e-con-inner\">\n\t\t<div class=\"elementor-element elementor-element-cd2a064 e-con-full e-flex e-con e-child\" data-id=\"cd2a064\" data-element_type=\"container\" data-e-type=\"container\">\n\t\t\r\n\t\t<div class=\"elementor-element elementor-element-f971647 elementor-widget elementor-widget-tourmimage\" data-id=\"f971647\" data-element_type=\"widget\" data-e-type=\"widget\" data-widget_type=\"tourmimage.default\">\n\t\t\t\t<div class=\"elementor-widget-container\">\n\t\t\t\t\t<div class=\"img-box3\"><div class=\"img1\"><img decoding=\"async\" src=\"https:\/\/harmonytour.lv\/wp-content\/uploads\/2024\/12\/446033288_1173078690497134_5157414212560142896_n-1.jpg\" alt=\"446033288_1173078690497134_5157414212560142896_n 1\"  \/><\/div><div class=\"img2\"><img decoding=\"async\" src=\"https:\/\/harmonytour.lv\/wp-content\/uploads\/2024\/12\/447903324_839456731378250_5696143140816628405_n-1.jpg\" alt=\"447903324_839456731378250_5696143140816628405_n 1\"  \/><\/div><div class=\"img3 movingX\"><img decoding=\"async\" src=\"https:\/\/harmonytour.lv\/wp-content\/uploads\/2024\/12\/305294875_192729643223306_601660409677348831_n-1.jpg\" alt=\"305294875_192729643223306_601660409677348831_n 1\"  \/><\/div><\/div>\t\t\t\t<\/div>\n\t\t\t\t<\/div>\n\t\t\t\t<\/div>\n\t\t<div class=\"elementor-element elementor-element-c65de9e e-con-full e-flex e-con e-child\" data-id=\"c65de9e\" data-element_type=\"container\" data-e-type=\"container\">\n\t\t\t\t<div class=\"elementor-element elementor-element-40c938f elementor-widget__width-initial elementor-widget-mobile__width-inherit elementor-widget elementor-widget-tourmsectiontitle\" data-id=\"40c938f\" data-element_type=\"widget\" data-e-type=\"widget\" data-widget_type=\"tourmsectiontitle.default\">\n\t\t\t\t<div class=\"elementor-widget-container\">\n\t\t\t\t\t\t\t<div class=\"title-area text-left \">\r\n\t\t\t<span class=\"sub-title \">Harony Tour<\/span><h2 class=\"sec-title \">Lieliski izpl\u0101nots ce\u013cojums<\/h2>\t\t<\/div>\r\n\r\n\t\t\t\t\t<\/div>\n\t\t\t\t<\/div>\n\t\t\t\t<div class=\"elementor-element elementor-element-98f55e3 elementor-widget__width-initial elementor-widget-mobile__width-inherit elementor-widget elementor-widget-text-editor\" data-id=\"98f55e3\" data-element_type=\"widget\" data-e-type=\"widget\" data-widget_type=\"text-editor.default\">\n\t\t\t\t\t\t\t\t\t<p class=\"sec-text mb-30\">Mums r\u016bp katrs klients un j\u016bsu sap\u0146i par piedz\u012bvojumiem. Ce\u013co\u0161ana ir ne tikai par viet\u0101m, bet ar\u012b par saj\u016bt\u0101m, kas paliek atmi\u0146\u0101. M\u0113s ar prieku pal\u012bdz\u0113sim jums izv\u0113l\u0113ties ide\u0101lo galam\u0113r\u0137i, pl\u0101not neaizmirstamas br\u012bvdienas un par\u016bp\u0113sies par visiem s\u012bkumiem, lai j\u016bs var\u0113tu vienk\u0101r\u0161i baud\u012bt katru mirkli.<\/p>\t\t\t\t\t\t\t\t<\/div>\n\t\t\t\t<div class=\"elementor-element elementor-element-7c08b94 elementor-widget elementor-widget-tourmfeatures\" data-id=\"7c08b94\" data-element_type=\"widget\" data-e-type=\"widget\" data-widget_type=\"tourmfeatures.default\">\n\t\t\t\t<div class=\"elementor-widget-container\">\n\t\t\t\t\t<div class=\"about-item-wrap\"><div class=\"about-item\"><div class=\"about-item_img\"><img decoding=\"async\" src=\"https:\/\/wordpress.themeholy.com\/tourm\/wp-content\/uploads\/2024\/06\/map3.svg\" alt=\"\"><\/div><div class=\"about-item_centent\"><h5 class=\"box-title title\">Grupu ce\u013cojums<\/h5><p class=\"about-item_text desc\">Ide\u0101li piedz\u012bvojumi lielisk\u0101 komp\u0101nij\u0101.<\/p><\/div><\/div><div class=\"about-item\"><div class=\"about-item_img\"><img decoding=\"async\" src=\"https:\/\/wordpress.themeholy.com\/tourm\/wp-content\/uploads\/2024\/06\/guide.svg\" alt=\"\"><\/div><div class=\"about-item_centent\"><h5 class=\"box-title title\">Profesion\u0101ls ce\u013cvedis<\/h5><p class=\"about-item_text desc\">J\u016bsu uzticamais draugs ce\u013cojumu pl\u0101no\u0161an\u0101.<\/p><\/div><\/div><\/div>\t\t\t\t<\/div>\n\t\t\t\t<\/div>\n\t\t\t\t<div class=\"elementor-element elementor-element-b192f8a elementor-widget elementor-widget-tourmbutton\" data-id=\"b192f8a\" data-element_type=\"widget\" data-e-type=\"widget\" data-widget_type=\"tourmbutton.default\">\n\t\t\t\t<div class=\"elementor-widget-container\">\n\t\t\t\t\t<div class=\"btn-wrapper\"><a class=\"th-btn th_btn th-icon style3\" href=\"https:\/\/harmonytour.lv\/?page_id=1496\">Uzzin\u0101t vair\u0101k<\/a><\/div>\t\t\t\t<\/div>\n\t\t\t\t<\/div>\n\t\t\t\t<\/div>\n\t\t\t\t<div class=\"elementor-element elementor-element-b8b566e elementor-widget elementor-widget-tourmshapeimage\" data-id=\"b8b566e\" data-element_type=\"widget\" data-e-type=\"widget\" data-widget_type=\"tourmshapeimage.default\">\n\t\t\t\t<div class=\"elementor-widget-container\">\n\t\t\t\t\t<!-- Image --><div class=\"shape-mockup  jump d-xl-block d-none\" data-top=\"12%\" data-left=\"2%\"><img decoding=\"async\" src=\"https:\/\/wordpress.themeholy.com\/tourm\/wp-content\/uploads\/2024\/06\/shape_1.png\" alt=\"Shape Image\" ><\/div><!-- End Image -->\t\t\t\t<\/div>\n\t\t\t\t<\/div>\n\t\t\t\t<div class=\"elementor-element elementor-element-9e2ce52 elementor-widget elementor-widget-tourmshapeimage\" data-id=\"9e2ce52\" data-element_type=\"widget\" data-e-type=\"widget\" data-widget_type=\"tourmshapeimage.default\">\n\t\t\t\t<div class=\"elementor-widget-container\">\n\t\t\t\t\t<!-- Image --><div class=\"shape-mockup  jump d-xl-block d-none\" data-top=\"20%\" data-left=\"3%\"><img decoding=\"async\" src=\"https:\/\/wordpress.themeholy.com\/tourm\/wp-content\/uploads\/2024\/06\/shape_2.png\" alt=\"Shape Image\" ><\/div><!-- End Image -->\t\t\t\t<\/div>\n\t\t\t\t<\/div>\n\t\t\t\t<div class=\"elementor-element elementor-element-dfeb59f elementor-widget elementor-widget-tourmshapeimage\" data-id=\"dfeb59f\" data-element_type=\"widget\" data-e-type=\"widget\" data-widget_type=\"tourmshapeimage.default\">\n\t\t\t\t<div class=\"elementor-widget-container\">\n\t\t\t\t\t<!-- Image --><div class=\"shape-mockup  jump d-xl-block d-none\" data-top=\"14%\" data-left=\"8%\"><img decoding=\"async\" src=\"https:\/\/wordpress.themeholy.com\/tourm\/wp-content\/uploads\/2024\/06\/shape_3.png\" alt=\"Shape Image\" ><\/div><!-- End Image -->\t\t\t\t<\/div>\n\t\t\t\t<\/div>\n\t\t\t\t<div class=\"elementor-element elementor-element-8531c38 elementor-widget elementor-widget-tourmshapeimage\" data-id=\"8531c38\" data-element_type=\"widget\" data-e-type=\"widget\" data-widget_type=\"tourmshapeimage.default\">\n\t\t\t\t<div class=\"elementor-widget-container\">\n\t\t\t\t\t<!-- Image --><div class=\"shape-mockup about-shape movingX d-xl-block d-none\" data-bottom=\"-18%\" data-right=\"8%\"><img decoding=\"async\" src=\"https:\/\/wordpress.themeholy.com\/tourm\/wp-content\/uploads\/2024\/06\/about-slide-img.png\" alt=\"Shape Image\" ><\/div><!-- End Image -->\t\t\t\t<\/div>\n\t\t\t\t<\/div>\n\t\t\t\t\t<\/div>\n\t\t\t\t<\/div>\n\t\t\t\t<\/div>\n\t\t<div class=\"elementor-element elementor-element-4bddab7 e-con-full e-flex e-con e-parent\" data-id=\"4bddab7\" data-element_type=\"container\" data-e-type=\"container\">\n\t\t\t\t<div class=\"elementor-element elementor-element-5266423 elementor-widget elementor-widget-tourmsectiontitle\" data-id=\"5266423\" data-element_type=\"widget\" data-e-type=\"widget\" data-widget_type=\"tourmsectiontitle.default\">\n\t\t\t\t<div class=\"elementor-widget-container\">\n\t\t\t\t\t\t\t<div class=\"title-area text-center \">\r\n\t\t\t<span class=\"sub-title \">Atsauksmes<\/span><h2 class=\"sec-title \">Ko klienti saka?<\/h2>\t\t<\/div>\r\n\r\n\t\t\t\t\t<\/div>\n\t\t\t\t<\/div>\n\t\t\t\t<div class=\"elementor-element elementor-element-ad17bfd elementor-widget__width-inherit elementor-widget elementor-widget-tourmtestimonialslider\" data-id=\"ad17bfd\" data-element_type=\"widget\" data-e-type=\"widget\" data-widget_type=\"tourmtestimonialslider.default\">\n\t\t\t\t<div class=\"elementor-widget-container\">\n\t\t\t\t\t<div class=\"container-fluid p-0\"><div class=\"slider-area\"><div class=\"swiper th-slider testiSlider1 has-shadow\" id=\"testiSlider1\" data-slider-options='{\"breakpoints\":{\"0\":{\"slidesPerView\":1},\"767\":{\"slidesPerView\":\"2\",\"centeredSlides\":\"true\"},\"992\":{\"slidesPerView\":\"2\",\"centeredSlides\":\"true\"},\"1200\":{\"slidesPerView\":\"2\",\"centeredSlides\":\"true\"},\"1400\":{\"slidesPerView\":\"3\",\"centeredSlides\":\"true\"}}}'><div class=\"swiper-wrapper\"><div class=\"swiper-slide\"><div class=\"testi-card\"><div class=\"testi-card_wrapper\"><div class=\"testi-card_profile\"><div class=\"testi-card_avater\"><img decoding=\"async\" src=\"https:\/\/harmonytour.lv\/wp-content\/uploads\/2024\/12\/Justine-Varlamova.png\" alt=\"Justine Varlamova\"  \/><\/div><div class=\"media-body\"><h3 class=\"box-title name\">Just\u012bne Varlamova<\/h3><span class=\"testi-box_desig desig\">Google atsauksme<\/span><\/div><\/div><div class=\"testi-card_review\"><i class=\"fa-sharp fa-solid fa-star\"><\/i><i class=\"fa-sharp fa-solid fa-star\"><\/i><i class=\"fa-sharp fa-solid fa-star\"><\/i><i class=\"fa-sharp fa-solid fa-star\"><\/i><i class=\"fa-sharp fa-solid fa-star\"><\/i><\/div><\/div><p class=\"testi-card_text text\">&#039;&#039;Super! Dev\u0101mies 3 dienu braucien\u0101 uz Zakopani. Lieliski pavad\u012btas br\u012bvdienas, for\u0161a komp\u0101nija un lieliska grupas vad\u012bt\u0101ja! Iesaku!&#039;&#039;<\/p><div class=\"testi-card-quote\"><img decoding=\"async\" src=\"https:\/\/wordpress.themeholy.com\/tourm\/wp-content\/uploads\/2024\/07\/testi-quote.svg\" alt=\"testi quote\"  \/><\/div><\/div><\/div><div class=\"swiper-slide\"><div class=\"testi-card\"><div class=\"testi-card_wrapper\"><div class=\"testi-card_profile\"><div class=\"testi-card_avater\"><img decoding=\"async\" src=\"https:\/\/harmonytour.lv\/wp-content\/uploads\/2024\/12\/unnamed.png\" alt=\"unnamed\"  \/><\/div><div class=\"media-body\"><h3 class=\"box-title name\">Ilona Zaharevska<\/h3><span class=\"testi-box_desig desig\">Google atsauksme<\/span><\/div><\/div><div class=\"testi-card_review\"><i class=\"fa-sharp fa-solid fa-star\"><\/i><i class=\"fa-sharp fa-solid fa-star\"><\/i><i class=\"fa-sharp fa-solid fa-star\"><\/i><i class=\"fa-sharp fa-solid fa-star\"><\/i><i class=\"fa-sharp fa-solid fa-star\"><\/i><\/div><\/div><p class=\"testi-card_text text\">&#039;&#039;M\u016bsu ce\u013cojums uz Gruziju ar Harmony Tour bija vienk\u0101r\u0161i lielisks! Anna no s\u0101kuma l\u012bdz beig\u0101m nodro\u0161in\u0101ja, ka viss norit\u0113ja gludi. M\u0113s izbaud\u012bj\u0101m Gruzijas viesm\u012bl\u012bbu un gardos \u0113dienus. M\u016bsu ce\u013cojums bija pilns ar neaizmirstamiem piedz\u012bvojumiem.&#039;&#039;&#039;&#039;<\/p><div class=\"testi-card-quote\"><img decoding=\"async\" src=\"https:\/\/wordpress.themeholy.com\/tourm\/wp-content\/uploads\/2024\/07\/testi-quote.svg\" alt=\"testi quote\"  \/><\/div><\/div><\/div><div class=\"swiper-slide\"><div class=\"testi-card\"><div class=\"testi-card_wrapper\"><div class=\"testi-card_profile\"><div class=\"testi-card_avater\"><img decoding=\"async\" src=\"https:\/\/harmonytour.lv\/wp-content\/uploads\/2024\/12\/unnamed-1.png\" alt=\"unnamed 1\"  \/><\/div><div class=\"media-body\"><h3 class=\"box-title name\">Baiba Priede<\/h3><span class=\"testi-box_desig desig\">Google atsauksme<\/span><\/div><\/div><div class=\"testi-card_review\"><i class=\"fa-sharp fa-solid fa-star\"><\/i><i class=\"fa-sharp fa-solid fa-star\"><\/i><i class=\"fa-sharp fa-solid fa-star\"><\/i><i class=\"fa-sharp fa-solid fa-star\"><\/i><i class=\"fa-sharp fa-solid fa-star\"><\/i><\/div><\/div><p class=\"testi-card_text text\">&#039;&#039;Dubaja bija elpu aizraujo\u0161a, un Harmony Tour padar\u012bja m\u016bsu ce\u013cojumu v\u0113l \u012bpa\u0161\u0101ku. Anna un Laila nodro\u0161in\u0101ja, ka m\u0113s apmekl\u0113j\u0101m visus galvenos apskates objektus. Vi\u0146as organiz\u0113ja m\u016bsu viesn\u012bcu un transportu, t\u0101p\u0113c m\u0113s var\u0113j\u0101m piln\u012bb\u0101 izbaud\u012bt savu laiku Dubaj\u0101.&#039;&#039;<\/p><div class=\"testi-card-quote\"><img decoding=\"async\" src=\"https:\/\/wordpress.themeholy.com\/tourm\/wp-content\/uploads\/2024\/07\/testi-quote.svg\" alt=\"testi quote\"  \/><\/div><\/div><\/div><div class=\"swiper-slide\"><div class=\"testi-card\"><div class=\"testi-card_wrapper\"><div class=\"testi-card_profile\"><div class=\"testi-card_avater\"><img decoding=\"async\" src=\"https:\/\/harmonytour.lv\/wp-content\/uploads\/2024\/12\/unnamed-2.png\" alt=\"unnamed 2\"  \/><\/div><div class=\"media-body\"><h3 class=\"box-title name\">Dina Odi\u0146a<\/h3><span class=\"testi-box_desig desig\">Google atsauksme<\/span><\/div><\/div><div class=\"testi-card_review\"><i class=\"fa-sharp fa-solid fa-star\"><\/i><i class=\"fa-sharp fa-solid fa-star\"><\/i><i class=\"fa-sharp fa-solid fa-star\"><\/i><i class=\"fa-sharp fa-solid fa-star\"><\/i><i class=\"fa-sharp fa-solid fa-star\"><\/i><\/div><\/div><p class=\"testi-card_text text\">M\u016bsu ce\u013cojums uz Maroku ar Harmony Tour bija patiesi br\u012bni\u0161\u0137\u012bgs! Laila nodro\u0161in\u0101ja nevainojamu organiz\u0101ciju no s\u0101kuma l\u012bdz beig\u0101m.&#039;&#039;<\/p><div class=\"testi-card-quote\"><img decoding=\"async\" src=\"https:\/\/wordpress.themeholy.com\/tourm\/wp-content\/uploads\/2024\/07\/testi-quote.svg\" alt=\"testi quote\"  \/><\/div><\/div><\/div><div class=\"swiper-slide\"><div class=\"testi-card\"><div class=\"testi-card_wrapper\"><div class=\"testi-card_profile\"><div class=\"testi-card_avater\"><img decoding=\"async\" src=\"https:\/\/harmonytour.lv\/wp-content\/uploads\/2024\/12\/unnamed-3.png\" alt=\"unnamed 3\"  \/><\/div><div class=\"media-body\"><h3 class=\"box-title name\">Margarita Voici\u0161a<\/h3><span class=\"testi-box_desig desig\">Google atsauksme<\/span><\/div><\/div><div class=\"testi-card_review\"><i class=\"fa-sharp fa-solid fa-star\"><\/i><i class=\"fa-sharp fa-solid fa-star\"><\/i><i class=\"fa-sharp fa-solid fa-star\"><\/i><i class=\"fa-sharp fa-solid fa-star\"><\/i><i class=\"fa-sharp fa-solid fa-star\"><\/i><\/div><\/div><p class=\"testi-card_text text\">&#039;&#039;\u013boti patika t\u016bres organiz\u0101cija - izv\u0113l\u0113tas lieliskas apskates vietas, restor\u0101ni, viesn\u012bca.  Zino\u0161as, skaistas, jautras, apburo\u0161as organizatores. Par visu padom\u0101ts, individu\u0101la pieeja, j\u016bties svar\u012bgs. Iesaku!\u2764\ufe0f\ud83d\udc4d&#039;&#039;<\/p><div class=\"testi-card-quote\"><img decoding=\"async\" src=\"https:\/\/wordpress.themeholy.com\/tourm\/wp-content\/uploads\/2024\/07\/testi-quote.svg\" alt=\"testi quote\"  \/><\/div><\/div><\/div><div class=\"swiper-slide\"><div class=\"testi-card\"><div class=\"testi-card_wrapper\"><div class=\"testi-card_profile\"><div class=\"testi-card_avater\"><img decoding=\"async\" src=\"https:\/\/harmonytour.lv\/wp-content\/uploads\/2024\/12\/unnamed-4.png\" alt=\"unnamed 4\"  \/><\/div><div class=\"media-body\"><h3 class=\"box-title name\">Ieva Berke<\/h3><span class=\"testi-box_desig desig\">Google atsauksme <\/span><\/div><\/div><div class=\"testi-card_review\"><i class=\"fa-sharp fa-solid fa-star\"><\/i><i class=\"fa-sharp fa-solid fa-star\"><\/i><i class=\"fa-sharp fa-solid fa-star\"><\/i><i class=\"fa-sharp fa-solid fa-star\"><\/i><i class=\"fa-sharp fa-solid fa-star\"><\/i><\/div><\/div><p class=\"testi-card_text text\">&#039;&#039;Devos ar Harmony tour uz At\u0113n\u0101m. Ce\u013cojums bija veidots daudz\u0161\u0137aut\u0146ains. Var\u0113ja just, ka meitenes pied\u0101v\u0101 tikai to, ko pa\u0161as pirms tam izbaud\u012bju\u0161as no visas sirds. Noteikti grib\u0113tu braukt v\u0113l k\u0101d\u0101 Annas un Lailas pied\u0101v\u0101t\u0101 ce\u013cojum\u0101.&#039;&#039;<\/p><div class=\"testi-card-quote\"><img decoding=\"async\" src=\"https:\/\/wordpress.themeholy.com\/tourm\/wp-content\/uploads\/2024\/07\/testi-quote.svg\" alt=\"testi quote\"  \/><\/div><\/div><\/div><\/div><div class=\"slider-pagination\"><\/div><\/div><\/div><\/div>\t\t\t\t<\/div>\n\t\t\t\t<\/div>\n\t\t\t\t<div class=\"elementor-element elementor-element-4b2bbdb elementor-widget__width-inherit elementor-widget elementor-widget-tourmsectiontitle\" data-id=\"4b2bbdb\" data-element_type=\"widget\" data-e-type=\"widget\" data-widget_type=\"tourmsectiontitle.default\">\n\t\t\t\t<div class=\"elementor-widget-container\">\n\t\t\t\t\t\t\t<div class=\"title-area text-center \">\r\n\t\t\t<span class=\"sub-title \">Neaizmirstamas atmi\u0146as<\/span><h2 class=\"sec-title \">Da\u017eas galerijas bildes<\/h2>\t\t<\/div>\r\n\r\n\t\t\t\t\t<\/div>\n\t\t\t\t<\/div>\n\t\t\t\t<div class=\"elementor-element elementor-element-dab37de elementor-widget__width-inherit elementor-widget elementor-widget-tourmsliderimage\" data-id=\"dab37de\" data-element_type=\"widget\" data-e-type=\"widget\" data-widget_type=\"tourmsliderimage.default\">\n\t\t\t\t<div class=\"elementor-widget-container\">\n\t\t\t\t\t<div class=\"gallery-area \"><div class=\"container th-container\"><div class=\"row gy-10 gx-10 justify-content-center align-items-center\"><div class=\"col-md-6 col-lg-2\"><div class=\"gallery-card\"><div class=\"box-img global-img\"><a href=\"https:\/\/harmonytour.lv\/wp-content\/uploads\/2024\/12\/photo_2024-12-15_20-00-45.jpg\" class=\"popup-image\"><div class=\"icon-btn\"><i class=\"fal fa-magnifying-glass-plus\"><\/i><\/div><img decoding=\"async\" src=\"https:\/\/harmonytour.lv\/wp-content\/uploads\/2024\/12\/photo_2024-12-15_20-00-45.jpg\" alt=\"gallery image\"><\/a><\/div><\/div><\/div><div class=\"col-md-6 col-lg-2\"><div class=\"gallery-card\"><div class=\"box-img global-img\"><a href=\"https:\/\/harmonytour.lv\/wp-content\/uploads\/2024\/12\/photo_2024-12-13_13-36-51.jpg\" class=\"popup-image\"><div class=\"icon-btn\"><i class=\"fal fa-magnifying-glass-plus\"><\/i><\/div><img decoding=\"async\" src=\"https:\/\/harmonytour.lv\/wp-content\/uploads\/2024\/12\/photo_2024-12-13_13-36-51.jpg\" alt=\"gallery image\"><\/a><\/div><\/div><div class=\"gallery-card\"><div class=\"box-img global-img\"><a href=\"https:\/\/harmonytour.lv\/wp-content\/uploads\/2024\/12\/photo_2024-12-13_14-26-15-2.jpg\" class=\"popup-image\"><div class=\"icon-btn\"><i class=\"fal fa-magnifying-glass-plus\"><\/i><\/div><img decoding=\"async\" src=\"https:\/\/harmonytour.lv\/wp-content\/uploads\/2024\/12\/photo_2024-12-13_14-26-15-2.jpg\" alt=\"gallery image\"><\/a><\/div><\/div><\/div><div class=\"col-md-6 col-lg-2\"><div class=\"gallery-card\"><div class=\"box-img global-img\"><a href=\"https:\/\/harmonytour.lv\/wp-content\/uploads\/2024\/12\/photo_2024-12-13_13-36-52.jpg\" class=\"popup-image\"><div class=\"icon-btn\"><i class=\"fal fa-magnifying-glass-plus\"><\/i><\/div><img decoding=\"async\" src=\"https:\/\/harmonytour.lv\/wp-content\/uploads\/2024\/12\/photo_2024-12-13_13-36-52.jpg\" alt=\"gallery image\"><\/a><\/div><\/div><\/div><div class=\"col-md-6 col-lg-2\"><div class=\"gallery-card\"><div class=\"box-img global-img\"><a href=\"https:\/\/harmonytour.lv\/wp-content\/uploads\/2024\/12\/photo_2024-12-13_14-25-00-2.jpg\" class=\"popup-image\"><div class=\"icon-btn\"><i class=\"fal fa-magnifying-glass-plus\"><\/i><\/div><img decoding=\"async\" src=\"https:\/\/harmonytour.lv\/wp-content\/uploads\/2024\/12\/photo_2024-12-13_14-25-00-2.jpg\" alt=\"gallery image\"><\/a><\/div><\/div><div class=\"gallery-card\"><div class=\"box-img global-img\"><a href=\"https:\/\/harmonytour.lv\/wp-content\/uploads\/2024\/12\/photo_2024-12-15_09-36-12.jpg\" class=\"popup-image\"><div class=\"icon-btn\"><i class=\"fal fa-magnifying-glass-plus\"><\/i><\/div><img decoding=\"async\" src=\"https:\/\/harmonytour.lv\/wp-content\/uploads\/2024\/12\/photo_2024-12-15_09-36-12.jpg\" alt=\"gallery image\"><\/a><\/div><\/div><\/div><div class=\"col-md-6 col-lg-2\"><div class=\"gallery-card\"><div class=\"box-img global-img\"><a href=\"https:\/\/harmonytour.lv\/wp-content\/uploads\/2024\/12\/photo_2024-12-17_09-06-43.jpg\" class=\"popup-image\"><div class=\"icon-btn\"><i class=\"fal fa-magnifying-glass-plus\"><\/i><\/div><img decoding=\"async\" src=\"https:\/\/harmonytour.lv\/wp-content\/uploads\/2024\/12\/photo_2024-12-17_09-06-43.jpg\" alt=\"gallery image\"><\/a><\/div><\/div><\/div><\/div><\/div><\/div>\t\t\t\t<\/div>\n\t\t\t\t<\/div>\n\t\t\t\t<\/div>\n\t\t<div class=\"elementor-element elementor-element-2dcc01e e-con-full e-flex e-con e-parent\" data-id=\"2dcc01e\" data-element_type=\"container\" data-e-type=\"container\">\n\t\t\t\t<div class=\"elementor-element elementor-element-6487d49 elementor-widget elementor-widget-tourmcounterup\" data-id=\"6487d49\" data-element_type=\"widget\" data-e-type=\"widget\" data-widget_type=\"tourmcounterup.default\">\n\t\t\t\t<div class=\"elementor-widget-container\">\n\t\t\t\t\t<div class=\"row\"><div class=\"col-sm-6 col-xl-3 counter-card-wrap\"><div class=\"counter-card\"><div class=\"counter-shape\"><span><\/span><\/div><div class=\"media-body\"><h3 class=\"box-number num\"><span class=\"counter-number \">70<\/span>+<\/h3><h6 class=\"counter-title desc\"> Apmierin\u0101tu klientu skaits<\/h6><\/div><\/div><\/div><div class=\"col-sm-6 col-xl-3 counter-card-wrap\"><div class=\"counter-card\"><div class=\"counter-shape\"><span><\/span><\/div><div class=\"media-body\"><h3 class=\"box-number num\"><span class=\"counter-number \">90<\/span>%<\/h3><h6 class=\"counter-title desc\">Klienti, kuri  pie mums atgrie\u017e\u0101s<\/h6><\/div><\/div><\/div><div class=\"col-sm-6 col-xl-3 counter-card-wrap\"><div class=\"counter-card\"><div class=\"counter-shape\"><span><\/span><\/div><div class=\"media-body\"><h3 class=\"box-number num\"><span class=\"counter-number \">7<\/span> gadi<\/h3><h6 class=\"counter-title desc\">Ce\u013cojumu pieredze<\/h6><\/div><\/div><\/div><div class=\"col-sm-6 col-xl-3 counter-card-wrap\"><div class=\"counter-card\"><div class=\"counter-shape\"><span><\/span><\/div><div class=\"media-body\"><h3 class=\"box-number num\"><span class=\"counter-number \">35<\/span>+<\/h3><h6 class=\"counter-title desc\">Organiz\u0113ti ce\u013cojumi<\/h6><\/div><\/div><\/div><\/div>\t\t\t\t<\/div>\n\t\t\t\t<\/div>\n\t\t\t\t<div class=\"elementor-element elementor-element-9415e9b elementor-widget elementor-widget-tourmshapeimage\" data-id=\"9415e9b\" data-element_type=\"widget\" data-e-type=\"widget\" data-widget_type=\"tourmshapeimage.default\">\n\t\t\t\t<div class=\"elementor-widget-container\">\n\t\t\t\t\t<!-- Image --><div class=\"shape-mockup  jump d-xl-block d-none\" data-top=\"14%\" data-left=\"8%\"><img decoding=\"async\" src=\"https:\/\/wordpress.themeholy.com\/tourm\/wp-content\/uploads\/2024\/06\/shape_3.png\" alt=\"Shape Image\" ><\/div><!-- End Image -->\t\t\t\t<\/div>\n\t\t\t\t<\/div>\n\t\t\t\t<div class=\"elementor-element elementor-element-0317c5e elementor-widget elementor-widget-tourmshapeimage\" data-id=\"0317c5e\" data-element_type=\"widget\" data-e-type=\"widget\" data-widget_type=\"tourmshapeimage.default\">\n\t\t\t\t<div class=\"elementor-widget-container\">\n\t\t\t\t\t<!-- Image --><div class=\"shape-mockup  jump d-xl-block d-none\" data-top=\"20%\" data-left=\"3%\"><img decoding=\"async\" src=\"https:\/\/wordpress.themeholy.com\/tourm\/wp-content\/uploads\/2024\/06\/shape_2.png\" alt=\"Shape Image\" ><\/div><!-- End Image -->\t\t\t\t<\/div>\n\t\t\t\t<\/div>\n\t\t\t\t<div class=\"elementor-element elementor-element-c7f8f0a elementor-widget elementor-widget-tourmshapeimage\" data-id=\"c7f8f0a\" data-element_type=\"widget\" data-e-type=\"widget\" data-widget_type=\"tourmshapeimage.default\">\n\t\t\t\t<div class=\"elementor-widget-container\">\n\t\t\t\t\t<!-- Image --><div class=\"shape-mockup  jump d-xl-block d-none\" data-top=\"12%\" data-left=\"2%\"><img decoding=\"async\" src=\"https:\/\/wordpress.themeholy.com\/tourm\/wp-content\/uploads\/2024\/06\/shape_1.png\" alt=\"Shape Image\" ><\/div><!-- End Image -->\t\t\t\t<\/div>\n\t\t\t\t<\/div>\n\t\t\t\t<div class=\"elementor-element elementor-element-b0849ee elementor-widget elementor-widget-tourmshapeimage\" data-id=\"b0849ee\" data-element_type=\"widget\" data-e-type=\"widget\" data-widget_type=\"tourmshapeimage.default\">\n\t\t\t\t<div class=\"elementor-widget-container\">\n\t\t\t\t\t<!-- Image --><div class=\"shape-mockup   d-xl-block d-none\" data-bottom=\"0.1%\" data-left=\"3%\"><img decoding=\"async\" src=\"https:\/\/wordpress.themeholy.com\/tourm\/wp-content\/uploads\/2024\/07\/shape_6.png\" alt=\"Shape Image\" ><\/div><!-- End Image -->\t\t\t\t<\/div>\n\t\t\t\t<\/div>\n\t\t\t\t<div class=\"elementor-element elementor-element-5baf6e5 elementor-widget elementor-widget-tourmshapeimage\" data-id=\"5baf6e5\" data-element_type=\"widget\" data-e-type=\"widget\" data-widget_type=\"tourmshapeimage.default\">\n\t\t\t\t<div class=\"elementor-widget-container\">\n\t\t\t\t\t<!-- Image --><div class=\"shape-mockup  jump d-xl-block d-none\" data-top=\"5%\" data-right=\"5%\"><img decoding=\"async\" src=\"https:\/\/wordpress.themeholy.com\/tourm\/wp-content\/uploads\/2024\/07\/shape_5.png\" alt=\"Shape Image\" ><\/div><!-- End Image -->\t\t\t\t<\/div>\n\t\t\t\t<\/div>\n\t\t\t\t<\/div>\n\t\t\t\t<\/div>\n\t\t","protected":false},"excerpt":{"rendered":"<p>Harony Tour Lieliski izpl\u0101nots ce\u013cojums Mums r\u016bp katrs klients un j\u016bsu sap\u0146i par piedz\u012bvojumiem. Ce\u013co\u0161ana ir ne tikai par viet\u0101m, bet ar\u012b par saj\u016bt\u0101m, kas paliek atmi\u0146\u0101. M\u0113s ar prieku pal\u012bdz\u0113sim jums izv\u0113l\u0113ties ide\u0101lo galam\u0113r\u0137i, pl\u0101not neaizmirstamas br\u012bvdienas un par\u016bp\u0113sies par visiem s\u012bkumiem, lai j\u016bs var\u0113tu vienk\u0101r\u0161i baud\u012bt katru mirkli. Grupu ce\u013cojums Ide\u0101li piedz\u012bvojumi lielisk\u0101&#8230;<\/p>\n","protected":false},"author":1,"featured_media":0,"parent":0,"menu_order":0,"comment_status":"closed","ping_status":"closed","template":"template-builder.php","meta":{"footnotes":""},"class_list":["post-1277","page","type-page","status-publish","hentry"],"_links":{"self":[{"href":"https:\/\/harmonytour.lv\/lv\/wp-json\/wp\/v2\/pages\/1277","targetHints":{"allow":["GET"]}}],"collection":[{"href":"https:\/\/harmonytour.lv\/lv\/wp-json\/wp\/v2\/pages"}],"about":[{"href":"https:\/\/harmonytour.lv\/lv\/wp-json\/wp\/v2\/types\/page"}],"author":[{"embeddable":true,"href":"https:\/\/harmonytour.lv\/lv\/wp-json\/wp\/v2\/users\/1"}],"replies":[{"embeddable":true,"href":"https:\/\/harmonytour.lv\/lv\/wp-json\/wp\/v2\/comments?post=1277"}],"version-history":[{"count":32,"href":"https:\/\/harmonytour.lv\/lv\/wp-json\/wp\/v2\/pages\/1277\/revisions"}],"predecessor-version":[{"id":3590,"href":"https:\/\/harmonytour.lv\/lv\/wp-json\/wp\/v2\/pages\/1277\/revisions\/3590"}],"wp:attachment":[{"href":"https:\/\/harmonytour.lv\/lv\/wp-json\/wp\/v2\/media?parent=1277"}],"curies":[{"name":"wp","href":"https:\/\/api.w.org\/{rel}","templated":true}]}}