{"id":4080,"date":"2025-01-06T20:17:59","date_gmt":"2025-01-06T18:17:59","guid":{"rendered":"https:\/\/harmonytour.lv\/?page_id=4080"},"modified":"2025-03-04T10:54:46","modified_gmt":"2025-03-04T08:54:46","slug":"pakalpojumi","status":"publish","type":"page","link":"https:\/\/harmonytour.lv\/lv\/pakalpojumi\/","title":{"rendered":"Pakalpojumi"},"content":{"rendered":"\t\t<div data-elementor-type=\"wp-page\" data-elementor-id=\"4080\" class=\"elementor elementor-4080\">\n\t\t\t\t<div class=\"elementor-element elementor-element-f6164a2 e-con-full e-flex e-con e-parent\" data-id=\"f6164a2\" data-element_type=\"container\" data-e-type=\"container\">\n\t\t<div class=\"elementor-element elementor-element-b3e2287 e-con-full e-flex e-con e-child\" data-id=\"b3e2287\" data-element_type=\"container\" data-e-type=\"container\">\n\t\t\r\n\t\t<div class=\"elementor-element elementor-element-6f56edc elementor-widget elementor-widget-tourmdestinations\" data-id=\"6f56edc\" data-element_type=\"widget\" data-e-type=\"widget\" data-widget_type=\"tourmdestinations.default\">\n\t\t\t\t<div class=\"elementor-widget-container\">\n\t\t\t\t\t<div class=\"row gy-4 gx-4\"><div class=\"col-xl-3 col-lg-4 col-md-6\"><div class=\"destination-item th-ani\"><div class=\"destination-item_img global-img\"><img decoding=\"async\" src=\"https:\/\/harmonytour.lv\/wp-content\/uploads\/2025\/01\/1.png\" alt=\"1\"  \/><\/div><div class=\"destination-content\"><h3 class=\"box-title title\"><a href=\"https:\/\/harmonytour.lv\/?page_id=1496\">Izdev\u012bgu lidojumu rezerv\u0101cija <\/a><\/h3><p class=\"destination-text trip_count\">Aviobi\u013ce\u0161u mekl\u0113\u0161ana un rezerv\u0113\u0161ana ar izdev\u012bg\u0101kajiem nosac\u012bjumiem. 20 \u20ac<\/p><a href=\"https:\/\/harmonytour.lv\/?page_id=1496\" class=\"th-btn style4 th-icon\">Sazin\u0101ties<\/a><\/div><\/div><\/div><div class=\"col-xl-3 col-lg-4 col-md-6\"><div class=\"destination-item th-ani\"><div class=\"destination-item_img global-img\"><img decoding=\"async\" src=\"https:\/\/harmonytour.lv\/wp-content\/uploads\/2025\/01\/2.png\" alt=\"2\"  \/><\/div><div class=\"destination-content\"><h3 class=\"box-title title\"><a href=\"https:\/\/harmonytour.lv\/?page_id=1496\">Pretenzijas sast\u0101di\u0161ana<\/a><\/h3><p class=\"destination-text trip_count\">Iesp\u0113ja sa\u0146emt atl\u012bdz\u012bbu no aviokomp\u0101nijas  par aizkav\u0113tu  vai atceltu lidojumu.  50 \u20ac par vienu personu. \n<\/p><a href=\"https:\/\/harmonytour.lv\/?page_id=1496\" class=\"th-btn style4 th-icon\">Sazin\u0101ties<\/a><\/div><\/div><\/div><div class=\"col-xl-3 col-lg-4 col-md-6\"><div class=\"destination-item th-ani\"><div class=\"destination-item_img global-img\"><img decoding=\"async\" src=\"https:\/\/harmonytour.lv\/wp-content\/uploads\/2025\/01\/3.png\" alt=\"3\"  \/><\/div><div class=\"destination-content\"><h3 class=\"box-title title\"><a href=\"https:\/\/harmonytour.lv\/?page_id=1496\">Ce\u013cojumu pl\u0101no\u0161ana un konsult\u0101cijas<\/a><\/h3><p class=\"destination-text trip_count\">Pal\u012bdz\u012bba izv\u0113l\u0113ties galam\u0113r\u0137i, \u0146emot v\u0113r\u0101 klienta intereses un bud\u017eetu.<\/p><a href=\"https:\/\/harmonytour.lv\/?page_id=1496\" class=\"th-btn style4 th-icon\">Sazin\u0101ties<\/a><\/div><\/div><\/div><div class=\"col-xl-3 col-lg-4 col-md-6\"><div class=\"destination-item th-ani\"><div class=\"destination-item_img global-img\"><img decoding=\"async\" src=\"https:\/\/harmonytour.lv\/wp-content\/uploads\/2025\/01\/5.png\" alt=\"5\"  \/><\/div><div class=\"destination-content\"><h3 class=\"box-title title\"><a href=\"https:\/\/harmonytour.lv\/?page_id=1496\">Individu\u0101lu programmas sast\u0101d\u012b\u0161ana<\/a><\/h3><p class=\"destination-text trip_count\">Ekskursiju un aktivit\u0101t\u0101\u0161u pl\u0101no\u0161ana atbilsto\u0161i v\u0113lm\u0113m un katra sp\u0113j\u0101m.\n<\/p><a href=\"https:\/\/harmonytour.lv\/?page_id=1496\" class=\"th-btn style4 th-icon\">Sazin\u0101ties<\/a><\/div><\/div><\/div><div class=\"col-xl-3 col-lg-4 col-md-6\"><div class=\"destination-item th-ani\"><div class=\"destination-item_img global-img\"><img decoding=\"async\" src=\"https:\/\/harmonytour.lv\/wp-content\/uploads\/2025\/01\/6.png\" alt=\"6\"  \/><\/div><div class=\"destination-content\"><h3 class=\"box-title title\"><a href=\"https:\/\/harmonytour.lv\/?page_id=1496\">Viet\u0113j\u0101s ekskursijas<\/a><\/h3><p class=\"destination-text trip_count\">Gida pakalpojumu vai piedz\u012bvojumu aktivit\u0101\u0161u organiz\u0113\u0161ana.<\/p><a href=\"https:\/\/harmonytour.lv\/?page_id=1496\" class=\"th-btn style4 th-icon\">Sazin\u0101ties<\/a><\/div><\/div><\/div><div class=\"col-xl-3 col-lg-4 col-md-6\"><div class=\"destination-item th-ani\"><div class=\"destination-item_img global-img\"><img decoding=\"async\" src=\"https:\/\/harmonytour.lv\/wp-content\/uploads\/2025\/01\/7.png\" alt=\"7\"  \/><\/div><div class=\"destination-content\"><h3 class=\"box-title title\"><a href=\"https:\/\/harmonytour.lv\/?page_id=1496\">Mar\u0161ruti<\/a><\/h3><p class=\"destination-text trip_count\">Ieteikumi par mar\u0161rutiem un aktivit\u0101t\u0113m.<\/p><a href=\"https:\/\/harmonytour.lv\/?page_id=1496\" class=\"th-btn style4 th-icon\">Sazin\u0101ties<\/a><\/div><\/div><\/div><div class=\"col-xl-3 col-lg-4 col-md-6\"><div class=\"destination-item th-ani\"><div class=\"destination-item_img global-img\"><img decoding=\"async\" src=\"https:\/\/harmonytour.lv\/wp-content\/uploads\/2025\/01\/8.png\" alt=\"8\"  \/><\/div><div class=\"destination-content\"><h3 class=\"box-title title\"><a href=\"https:\/\/harmonytour.lv\/?page_id=1496\">Programmas sast\u0101d\u012b\u0161ana pa Gruziju:<\/a><\/h3><p class=\"destination-text trip_count\">1. diena - 20 \u20ac\nNed\u0113\u013ca - 100 \u20ac<\/p><a href=\"https:\/\/harmonytour.lv\/?page_id=1496\" class=\"th-btn style4 th-icon\">Sazin\u0101ties<\/a><\/div><\/div><\/div><div class=\"col-xl-3 col-lg-4 col-md-6\"><div class=\"destination-item th-ani\"><div class=\"destination-item_img global-img\"><img decoding=\"async\" src=\"https:\/\/harmonytour.lv\/wp-content\/uploads\/2025\/01\/9.png\" alt=\"9\"  \/><\/div><div class=\"destination-content\"><h3 class=\"box-title title\"><a href=\"https:\/\/harmonytour.lv\/?page_id=1496\">Programmas sast\u0101d\u012b\u0161ana pa Eiropu:<\/a><\/h3><p class=\"destination-text trip_count\">1. diena - 30 \u20ac\nNed\u0113\u013ca - 150 \u20ac<\/p><a href=\"https:\/\/harmonytour.lv\/?page_id=1496\" class=\"th-btn style4 th-icon\">Sazin\u0101ties<\/a><\/div><\/div><\/div><div class=\"col-xl-3 col-lg-4 col-md-6\"><div class=\"destination-item th-ani\"><div class=\"destination-item_img global-img\"><img decoding=\"async\" src=\"https:\/\/harmonytour.lv\/wp-content\/uploads\/2025\/01\/10.png\" alt=\"10\"  \/><\/div><div class=\"destination-content\"><h3 class=\"box-title title\"><a href=\"https:\/\/harmonytour.lv\/?page_id=1496\">Programmas sast\u0101d\u012b\u0161ana \u0101rpus Eiropas:<\/a><\/h3><p class=\"destination-text trip_count\">1. diena - 50 \u20ac\nNed\u0113\u013ca - 250 \u20ac<\/p><a href=\"https:\/\/harmonytour.lv\/?page_id=1496\" class=\"th-btn style4 th-icon\">Sazin\u0101ties<\/a><\/div><\/div><\/div><div class=\"col-xl-3 col-lg-4 col-md-6\"><div class=\"destination-item th-ani\"><div class=\"destination-item_img global-img\"><img decoding=\"async\" src=\"https:\/\/harmonytour.lv\/wp-content\/uploads\/2025\/01\/11.png\" alt=\"11\"  \/><\/div><div class=\"destination-content\"><h3 class=\"box-title title\"><a href=\"https:\/\/harmonytour.lv\/?page_id=1496\">Naktsm\u012bt\u0146u rezerv\u0101cija<\/a><\/h3><p class=\"destination-text trip_count\">Viesn\u012bcas, apartamenti, k\u016brorti vai citas naktsm\u012btnes atbilsto\u0161i v\u0113lm\u0113m. 50 \u20ac  <\/p><a href=\"https:\/\/harmonytour.lv\/?page_id=1496\" class=\"th-btn style4 th-icon\">Sazin\u0101ties<\/a><\/div><\/div><\/div><div class=\"col-xl-3 col-lg-4 col-md-6\"><div class=\"destination-item th-ani\"><div class=\"destination-item_img global-img\"><img decoding=\"async\" src=\"https:\/\/harmonytour.lv\/wp-content\/uploads\/2025\/01\/12.png\" alt=\"12\"  \/><\/div><div class=\"destination-content\"><h3 class=\"box-title title\"><a href=\"https:\/\/harmonytour.lv\/?page_id=1496\">Transf\u0113ri<\/a><\/h3><p class=\"destination-text trip_count\">Izdev\u012bga transporta organiz\u0113\u0161ana no\/uz lidostu.<\/p><a href=\"https:\/\/harmonytour.lv\/?page_id=1496\" class=\"th-btn style4 th-icon\">Sazin\u0101ties<\/a><\/div><\/div><\/div><div class=\"col-xl-3 col-lg-4 col-md-6\"><div class=\"destination-item th-ani\"><div class=\"destination-item_img global-img\"><img decoding=\"async\" src=\"https:\/\/harmonytour.lv\/wp-content\/uploads\/2025\/01\/13.png\" alt=\"13\"  \/><\/div><div class=\"destination-content\"><h3 class=\"box-title title\"><a href=\"https:\/\/harmonytour.lv\/?page_id=1496\">Grupu ce\u013cojumi<\/a><\/h3><p class=\"destination-text trip_count\">Specializ\u0113tas programmas grup\u0101m, piem\u0113ram, korporat\u012bviem pas\u0101kumiem vai tematiskajiem braucieniem, komand\u0113jumi. 350 \u20ac<\/p><a href=\"https:\/\/harmonytour.lv\/?page_id=1496\" class=\"th-btn style4 th-icon\">Sazin\u0101ties<\/a><\/div><\/div><\/div><\/div>\t\t\t\t<\/div>\n\t\t\t\t<\/div>\n\t\t\t\t<\/div>\n\t\t\t\t<\/div>\n\t\t\t\t<\/div>\n\t\t","protected":false},"excerpt":{"rendered":"<p>Izdev\u012bgu lidojumu rezerv\u0101cija Aviobi\u013ce\u0161u mekl\u0113\u0161ana un rezerv\u0113\u0161ana ar izdev\u012bg\u0101kajiem nosac\u012bjumiem. 20 \u20ac Sazin\u0101ties Pretenzijas sast\u0101di\u0161ana Iesp\u0113ja sa\u0146emt atl\u012bdz\u012bbu no aviokomp\u0101nijas par aizkav\u0113tu vai atceltu lidojumu. 50 \u20ac par vienu personu. Sazin\u0101ties Ce\u013cojumu pl\u0101no\u0161ana un konsult\u0101cijas Pal\u012bdz\u012bba izv\u0113l\u0113ties galam\u0113r\u0137i, \u0146emot v\u0113r\u0101 klienta intereses un bud\u017eetu. Sazin\u0101ties Individu\u0101lu programmas sast\u0101d\u012b\u0161ana Ekskursiju un aktivit\u0101t\u0101\u0161u pl\u0101no\u0161ana atbilsto\u0161i v\u0113lm\u0113m un&#8230;<\/p>\n","protected":false},"author":1,"featured_media":0,"parent":0,"menu_order":0,"comment_status":"closed","ping_status":"closed","template":"","meta":{"footnotes":""},"class_list":["post-4080","page","type-page","status-publish","hentry"],"_links":{"self":[{"href":"https:\/\/harmonytour.lv\/lv\/wp-json\/wp\/v2\/pages\/4080","targetHints":{"allow":["GET"]}}],"collection":[{"href":"https:\/\/harmonytour.lv\/lv\/wp-json\/wp\/v2\/pages"}],"about":[{"href":"https:\/\/harmonytour.lv\/lv\/wp-json\/wp\/v2\/types\/page"}],"author":[{"embeddable":true,"href":"https:\/\/harmonytour.lv\/lv\/wp-json\/wp\/v2\/users\/1"}],"replies":[{"embeddable":true,"href":"https:\/\/harmonytour.lv\/lv\/wp-json\/wp\/v2\/comments?post=4080"}],"version-history":[{"count":31,"href":"https:\/\/harmonytour.lv\/lv\/wp-json\/wp\/v2\/pages\/4080\/revisions"}],"predecessor-version":[{"id":4516,"href":"https:\/\/harmonytour.lv\/lv\/wp-json\/wp\/v2\/pages\/4080\/revisions\/4516"}],"wp:attachment":[{"href":"https:\/\/harmonytour.lv\/lv\/wp-json\/wp\/v2\/media?parent=4080"}],"curies":[{"name":"wp","href":"https:\/\/api.w.org\/{rel}","templated":true}]}}