{"id":1496,"date":"2024-07-08T13:35:10","date_gmt":"2024-07-08T13:35:10","guid":{"rendered":"https:\/\/wordpress.themeholy.com\/tourm\/?page_id=1496"},"modified":"2025-03-06T10:25:55","modified_gmt":"2025-03-06T08:25:55","slug":"kontakti","status":"publish","type":"page","link":"https:\/\/harmonytour.lv\/ru\/kontakti\/","title":{"rendered":"\u041a\u043e\u043d\u0442\u0430\u043a\u0442\u044b"},"content":{"rendered":"\t\t<div data-elementor-type=\"wp-page\" data-elementor-id=\"1496\" class=\"elementor elementor-1496\">\n\t\t\t\t<div class=\"elementor-element elementor-element-95bfc19 e-con-full e-flex e-con e-parent\" data-id=\"95bfc19\" data-element_type=\"container\" data-e-type=\"container\">\n\t\t<div class=\"elementor-element elementor-element-2651b85 e-flex e-con-boxed e-con e-child\" data-id=\"2651b85\" data-element_type=\"container\" data-e-type=\"container\">\n\t\t\t\t\t<div class=\"e-con-inner\">\n\t\t\r\n\t\t<div class=\"elementor-element elementor-element-b1b288e elementor-widget elementor-widget-tourmsectiontitle\" data-id=\"b1b288e\" data-element_type=\"widget\" data-e-type=\"widget\" data-widget_type=\"tourmsectiontitle.default\">\n\t\t\t\t<div class=\"elementor-widget-container\">\n\t\t\t\t\t\t\t<div class=\"title-area text-center \">\r\n\t\t\t<h2 class=\"sec-title \">M\u016bsu kontaktinform\u0101cija<\/h2>\t\t<\/div>\r\n\r\n\t\t\t\t\t<\/div>\n\t\t\t\t<\/div>\n\t\t\t\t<div class=\"elementor-element elementor-element-2b0a133 elementor-widget elementor-widget-tourmcontactinfo\" data-id=\"2b0a133\" data-element_type=\"widget\" data-e-type=\"widget\" data-widget_type=\"tourmcontactinfo.default\">\n\t\t\t\t<div class=\"elementor-widget-container\">\n\t\t\t\t\t<div class=\"row gy-4 justify-content-center\"><div class=\"col-xl-4 col-lg-6\"><div class=\"about-contact-grid style2\"><div class=\"about-contact-icon\"><img decoding=\"async\" src=\"https:\/\/wordpress.themeholy.com\/tourm\/wp-content\/uploads\/2024\/07\/location-dot2.svg\" alt=\"location dot2\"  \/><\/div><div class=\"about-contact-details\"><h6 class=\"box-title title\">Adrese<\/h6><p class=\"about-contact-details-text\"><span style=\"color: #000000\">J\u0113kabpils, Draudz\u012bbas aleja 2, LV-5201<\/span><\/p><\/div><\/div><\/div><div class=\"col-xl-4 col-lg-6\"><div class=\"about-contact-grid style2\"><div class=\"about-contact-icon\"><img decoding=\"async\" src=\"https:\/\/wordpress.themeholy.com\/tourm\/wp-content\/uploads\/2024\/07\/call-1.svg\" alt=\"call 1\"  \/><\/div><div class=\"about-contact-details\"><h6 class=\"box-title title\">Kontaktt\u0101lrunis<\/h6><p class=\"about-contact-details-text\"><a href=\"tel:+37129179960\">+371 29 179 960<\/a><\/p><p class=\"about-contact-details-text\"><a href=\"tel:+37126465913\">+371 26 465 913\u00a0<\/a><\/p><\/div><\/div><\/div><div class=\"col-xl-4 col-lg-6\"><div class=\"about-contact-grid style2\"><div class=\"about-contact-icon\"><img decoding=\"async\" src=\"https:\/\/wordpress.themeholy.com\/tourm\/wp-content\/uploads\/2024\/07\/mail-1.svg\" alt=\"mail 1\"  \/><\/div><div class=\"about-contact-details\"><h6 class=\"box-title title\">E-pasts<\/h6><p class=\"about-contact-details-text\"><a href=\"http:\/\/info@harmonytour.lv\/\">info@harmonytour.lv<\/a><\/p><\/div><\/div><\/div><\/div>\t\t\t\t<\/div>\n\t\t\t\t<\/div>\n\t\t\t\t\t<\/div>\n\t\t\t\t<\/div>\n\t\t\t\t<\/div>\n\t\t<div class=\"elementor-element elementor-element-b03c73c e-flex e-con-boxed e-con e-parent\" data-id=\"b03c73c\" data-element_type=\"container\" data-e-type=\"container\">\n\t\t\t\t\t<div class=\"e-con-inner\">\n\t\t\t\t<div class=\"elementor-element elementor-element-25ad250a elementor-widget elementor-widget-heading\" data-id=\"25ad250a\" data-element_type=\"widget\" data-e-type=\"widget\" data-widget_type=\"heading.default\">\n\t\t\t\t\t<h3 class=\"elementor-heading-title elementor-size-default\">Pieteik\u0161an\u0101s forma<\/h3>\t\t\t\t<\/div>\n\t\t\t\t\t<\/div>\n\t\t\t\t<\/div>\n\t\t<div class=\"elementor-element elementor-element-ef13003 e-flex e-con-boxed e-con e-parent\" data-id=\"ef13003\" data-element_type=\"container\" data-e-type=\"container\">\n\t\t\t\t\t<div class=\"e-con-inner\">\n\t\t<div class=\"elementor-element elementor-element-5244b6b e-con-full e-flex e-con e-child\" data-id=\"5244b6b\" data-element_type=\"container\" data-e-type=\"container\">\n\t\t\t\t<div class=\"elementor-element elementor-element-ca6b164 elementor-widget elementor-widget-wpforms\" data-id=\"ca6b164\" data-element_type=\"widget\" data-e-type=\"widget\" data-widget_type=\"wpforms.default\">\n\t\t\t\t<div class=\"elementor-widget-container\">\n\t\t\t\t\t<style id=\"wpforms-css-vars-elementor-widget-ca6b164\">\n\t\t\t\t.elementor-widget-wpforms.elementor-element-ca6b164 {\n\t\t\t\t--wpforms-field-background-color: #6EC1E4;\n--wpforms-field-text-color: #54595F;\n\t\t\t}\n\t\t\t<\/style><div class=\"wpforms-container wpforms-container-full wpforms-render-modern\" id=\"wpforms-4204\"><form id=\"wpforms-form-4204\" class=\"wpforms-validate wpforms-form wpforms-ajax-form\" data-formid=\"4204\" method=\"post\" enctype=\"multipart\/form-data\" action=\"\/ru\/wp-json\/wp\/v2\/pages\/1496\" data-token=\"cfda09483622b943756c56cb8390c6f6\" data-token-time=\"1777391331\"><noscript class=\"wpforms-error-noscript\">\u0414\u043b\u044f \u0437\u0430\u043f\u043e\u043b\u043d\u0435\u043d\u0438\u044f \u0434\u0430\u043d\u043d\u043e\u0439 \u0444\u043e\u0440\u043c\u044b \u0432\u043a\u043b\u044e\u0447\u0438\u0442\u0435 JavaScript \u0432 \u0431\u0440\u0430\u0443\u0437\u0435\u0440\u0435.<\/noscript><div id=\"wpforms-error-noscript\" style=\"display: none;\">\u0414\u043b\u044f \u0437\u0430\u043f\u043e\u043b\u043d\u0435\u043d\u0438\u044f \u0434\u0430\u043d\u043d\u043e\u0439 \u0444\u043e\u0440\u043c\u044b \u0432\u043a\u043b\u044e\u0447\u0438\u0442\u0435 JavaScript \u0432 \u0431\u0440\u0430\u0443\u0437\u0435\u0440\u0435.<\/div><div class=\"wpforms-field-container\"><div id=\"wpforms-4204-field_1-container\" class=\"wpforms-field wpforms-field-name\" data-field-id=\"1\"><label class=\"wpforms-field-label\" for=\"wpforms-4204-field_1\">V\u0101rds un uzv\u0101rds <span class=\"wpforms-required-label\" aria-hidden=\"true\">*<\/span><\/label><input type=\"text\" id=\"wpforms-4204-field_1\" class=\"wpforms-field-medium wpforms-field-required\" name=\"wpforms[fields][1]\" aria-errormessage=\"wpforms-4204-field_1-error\" required><\/div><div id=\"wpforms-4204-field_8-container\" class=\"wpforms-field wpforms-field-email\" data-field-id=\"8\"><label class=\"wpforms-field-label\" for=\"wpforms-4204-field_8\">E-pasts <span class=\"wpforms-required-label\" aria-hidden=\"true\">*<\/span><\/label><input type=\"email\" id=\"wpforms-4204-field_8\" class=\"wpforms-field-medium wpforms-field-required\" name=\"wpforms[fields][8]\" spellcheck=\"false\" aria-errormessage=\"wpforms-4204-field_8-error\" required><\/div>\t\t<div id=\"wpforms-4204-field_2-container\"\n\t\t\tclass=\"wpforms-field wpforms-field-text\"\n\t\t\tdata-field-type=\"text\"\n\t\t\tdata-field-id=\"2\"\n\t\t\t>\n\t\t\t<label class=\"wpforms-field-label\" for=\"wpforms-4204-field_2\" >E-pasts Sazi\u0146as Koment\u0101ri,<\/label>\n\t\t\t<input type=\"text\" id=\"wpforms-4204-field_2\" class=\"wpforms-field-medium\" name=\"wpforms[fields][2]\" >\n\t\t<\/div>\n\t\t<div id=\"wpforms-4204-field_10-container\" class=\"wpforms-field wpforms-field-text\" data-field-id=\"10\"><label class=\"wpforms-field-label\" for=\"wpforms-4204-field_10\">Telefona numurs<\/label><input type=\"text\" id=\"wpforms-4204-field_10\" class=\"wpforms-field-medium\" name=\"wpforms[fields][10]\" aria-errormessage=\"wpforms-4204-field_10-error\" ><\/div><div id=\"wpforms-4204-field_11-container\" class=\"wpforms-field wpforms-field-text\" data-field-id=\"11\"><label class=\"wpforms-field-label\" for=\"wpforms-4204-field_11\">Sazi\u0146as iemesls<\/label><input type=\"text\" id=\"wpforms-4204-field_11\" class=\"wpforms-field-medium\" name=\"wpforms[fields][11]\" aria-errormessage=\"wpforms-4204-field_11-error\" ><\/div><div id=\"wpforms-4204-field_6-container\" class=\"wpforms-field wpforms-field-textarea\" data-field-id=\"6\"><label class=\"wpforms-field-label\" for=\"wpforms-4204-field_6\">Koment\u0101ri, jaut\u0101jumi, s\u016bdz\u012bbas, atsauksmes.<\/label><textarea id=\"wpforms-4204-field_6\" class=\"wpforms-field-medium\" name=\"wpforms[fields][6]\" aria-errormessage=\"wpforms-4204-field_6-error\" ><\/textarea><\/div><script>\n\t\t\t\t( function() {\n\t\t\t\t\tconst style = document.createElement( 'style' );\n\t\t\t\t\tstyle.appendChild( document.createTextNode( '#wpforms-4204-field_2-container { position: absolute !important; overflow: hidden !important; display: inline !important; height: 1px !important; width: 1px !important; z-index: -1000 !important; padding: 0 !important; } #wpforms-4204-field_2-container input { visibility: hidden; } #wpforms-conversational-form-page #wpforms-4204-field_2-container label { counter-increment: none; }' ) );\n\t\t\t\t\tdocument.head.appendChild( style );\n\t\t\t\t\tdocument.currentScript?.remove();\n\t\t\t\t} )();\n\t\t\t<\/script><\/div><!-- .wpforms-field-container --><div class=\"wpforms-submit-container\" ><input type=\"hidden\" name=\"wpforms[id]\" value=\"4204\"><input type=\"hidden\" name=\"page_title\" value=\"\"><input type=\"hidden\" name=\"page_url\" value=\"https:\/\/harmonytour.lv\/ru\/wp-json\/wp\/v2\/pages\/1496\"><input type=\"hidden\" name=\"url_referer\" value=\"\"><button type=\"submit\" name=\"wpforms[submit]\" id=\"wpforms-submit-4204\" class=\"wpforms-submit\" data-alt-text=\"S\u016bta\" data-submit-text=\"S\u016bt\u012bt e-pastu\" aria-live=\"assertive\" value=\"wpforms-submit\">S\u016bt\u012bt e-pastu<\/button><img decoding=\"async\" src=\"https:\/\/harmonytour.lv\/wp-content\/plugins\/wpforms-lite\/assets\/images\/submit-spin.svg\" class=\"wpforms-submit-spinner\" style=\"display: none;\" width=\"26\" height=\"26\" alt=\"\u0417\u0430\u0433\u0440\u0443\u0437\u043a\u0430\"><\/div><\/form><\/div>  <!-- .wpforms-container -->\t\t\t\t<\/div>\n\t\t\t\t<\/div>\n\t\t\t\t<\/div>\n\t\t<div class=\"elementor-element elementor-element-b27bf26 e-con-full e-flex e-con e-child\" data-id=\"b27bf26\" data-element_type=\"container\" data-e-type=\"container\">\n\t\t\t\t<div class=\"elementor-element elementor-element-5c86dab elementor-hidden-tablet elementor-hidden-mobile elementor-widget elementor-widget-image\" data-id=\"5c86dab\" data-element_type=\"widget\" data-e-type=\"widget\" data-widget_type=\"image.default\">\n\t\t\t\t\t\t\t\t\t\t\t\t\t\t\t<img fetchpriority=\"high\" decoding=\"async\" width=\"500\" height=\"500\" src=\"https:\/\/harmonytour.lv\/wp-content\/uploads\/2024\/12\/cropped-Harmony-kopija-kopija.png\" class=\"attachment-large size-large wp-image-3715\" alt=\"\" srcset=\"https:\/\/harmonytour.lv\/wp-content\/uploads\/2024\/12\/cropped-Harmony-kopija-kopija.png 500w, https:\/\/harmonytour.lv\/wp-content\/uploads\/2024\/12\/cropped-Harmony-kopija-kopija-300x300.png 300w, https:\/\/harmonytour.lv\/wp-content\/uploads\/2024\/12\/cropped-Harmony-kopija-kopija-150x150.png 150w, https:\/\/harmonytour.lv\/wp-content\/uploads\/2024\/12\/cropped-Harmony-kopija-kopija-85x85.png 85w\" sizes=\"(max-width: 500px) 100vw, 500px\" \/>\t\t\t\t\t\t\t\t\t\t\t\t\t\t\t<\/div>\n\t\t\t\t<\/div>\n\t\t\t\t\t<\/div>\n\t\t\t\t<\/div>\n\t\t\t\t<\/div>\n\t\t","protected":false},"excerpt":{"rendered":"<p>M\u016bsu kontaktinform\u0101cija Adrese J\u0113kabpils, Draudz\u012bbas aleja 2, LV-5201 Kontaktt\u0101lrunis +371 29 179 960 +371 26 465 913\u00a0 E-pasts info@harmonytour.lv Pieteik\u0161an\u0101s forma Please enable JavaScript in your browser to complete this form.Please enable JavaScript in your browser to complete this form.V\u0101rds un uzv\u0101rds *E-pasts *Telefona numursSazi\u0146as iemeslsKoment\u0101ri, jaut\u0101jumi S\u016bt\u012bt<\/p>","protected":false},"author":1,"featured_media":3157,"parent":0,"menu_order":0,"comment_status":"closed","ping_status":"closed","template":"template-builder.php","meta":{"footnotes":""},"class_list":["post-1496","page","type-page","status-publish","has-post-thumbnail","hentry"],"_links":{"self":[{"href":"https:\/\/harmonytour.lv\/ru\/wp-json\/wp\/v2\/pages\/1496","targetHints":{"allow":["GET"]}}],"collection":[{"href":"https:\/\/harmonytour.lv\/ru\/wp-json\/wp\/v2\/pages"}],"about":[{"href":"https:\/\/harmonytour.lv\/ru\/wp-json\/wp\/v2\/types\/page"}],"author":[{"embeddable":true,"href":"https:\/\/harmonytour.lv\/ru\/wp-json\/wp\/v2\/users\/1"}],"replies":[{"embeddable":true,"href":"https:\/\/harmonytour.lv\/ru\/wp-json\/wp\/v2\/comments?post=1496"}],"version-history":[{"count":99,"href":"https:\/\/harmonytour.lv\/ru\/wp-json\/wp\/v2\/pages\/1496\/revisions"}],"predecessor-version":[{"id":4526,"href":"https:\/\/harmonytour.lv\/ru\/wp-json\/wp\/v2\/pages\/1496\/revisions\/4526"}],"wp:featuredmedia":[{"embeddable":true,"href":"https:\/\/harmonytour.lv\/ru\/wp-json\/wp\/v2\/media\/3157"}],"wp:attachment":[{"href":"https:\/\/harmonytour.lv\/ru\/wp-json\/wp\/v2\/media?parent=1496"}],"curies":[{"name":"wp","href":"https:\/\/api.w.org\/{rel}","templated":true}]}}