{"id":4080,"date":"2025-01-06T20:17:59","date_gmt":"2025-01-06T18:17:59","guid":{"rendered":"https:\/\/harmonytour.lv\/?page_id=4080"},"modified":"2025-03-04T10:54:46","modified_gmt":"2025-03-04T08:54:46","slug":"pakalpojumi","status":"publish","type":"page","link":"https:\/\/harmonytour.lv\/ru\/pakalpojumi\/","title":{"rendered":"\u0423\u0441\u043b\u0443\u0433\u0438"},"content":{"rendered":"<div data-elementor-type=\"wp-page\" data-elementor-id=\"4080\" class=\"elementor elementor-4080\">\n\t\t\t\t<div class=\"elementor-element elementor-element-f6164a2 e-con-full e-flex e-con e-parent\" data-id=\"f6164a2\" data-element_type=\"container\" data-e-type=\"container\">\n\t\t<div class=\"elementor-element elementor-element-b3e2287 e-con-full e-flex e-con e-child\" data-id=\"b3e2287\" data-element_type=\"container\" data-e-type=\"container\">\n\t\t\r\n\t\t<div class=\"elementor-element elementor-element-6f56edc elementor-widget elementor-widget-tourmdestinations\" data-id=\"6f56edc\" data-element_type=\"widget\" data-e-type=\"widget\" data-widget_type=\"tourmdestinations.default\">\n\t\t\t\t<div class=\"elementor-widget-container\">\n\t\t\t\t\t<div class=\"row gy-4 gx-4\"><div class=\"col-xl-3 col-lg-4 col-md-6\"><div class=\"destination-item th-ani\"><div class=\"destination-item_img global-img\"><img decoding=\"async\" src=\"https:\/\/harmonytour.lv\/wp-content\/uploads\/2025\/01\/1.png\" alt=\"1\"  \/><\/div><div class=\"destination-content\"><h3 class=\"box-title title\"><a href=\"https:\/\/harmonytour.lv\/ru\/?page_id=1496\">\u0411\u0440\u043e\u043d\u0438\u0440\u043e\u0432\u0430\u043d\u0438\u0435 \u0432\u044b\u0433\u043e\u0434\u043d\u044b\u0445 \u0430\u0432\u0438\u0430\u043f\u0435\u0440\u0435\u043b\u0435\u0442\u043e\u0432 <\/a><\/h3><p class=\"destination-text trip_count\">\u041f\u043e\u0438\u0441\u043a \u0438 \u0431\u0440\u043e\u043d\u0438\u0440\u043e\u0432\u0430\u043d\u0438\u0435 \u0430\u0432\u0438\u0430\u0431\u0438\u043b\u0435\u0442\u043e\u0432 \u043d\u0430 \u0441\u0430\u043c\u044b\u0445 \u0432\u044b\u0433\u043e\u0434\u043d\u044b\u0445 \u0443\u0441\u043b\u043e\u0432\u0438\u044f\u0445. 20 \u20ac<\/p><a href=\"https:\/\/harmonytour.lv\/ru\/?page_id=1496\" class=\"th-btn style4 th-icon\">\u0421\u0432\u044f\u0437\u0430\u0442\u044c\u0441\u044f<\/a><\/div><\/div><\/div><div class=\"col-xl-3 col-lg-4 col-md-6\"><div class=\"destination-item th-ani\"><div class=\"destination-item_img global-img\"><img decoding=\"async\" src=\"https:\/\/harmonytour.lv\/wp-content\/uploads\/2025\/01\/2.png\" alt=\"2\"  \/><\/div><div class=\"destination-content\"><h3 class=\"box-title title\"><a href=\"https:\/\/harmonytour.lv\/ru\/?page_id=1496\">\u0421\u043e\u0441\u0442\u0430\u0432\u043b\u0435\u043d\u0438\u0435 \u043f\u0440\u0435\u0442\u0435\u043d\u0437\u0438\u0438<\/a><\/h3><p class=\"destination-text trip_count\">\u0412\u043e\u0437\u043c\u043e\u0436\u043d\u043e\u0441\u0442\u044c \u043f\u043e\u043b\u0443\u0447\u0438\u0442\u044c \u043a\u043e\u043c\u043f\u0435\u043d\u0441\u0430\u0446\u0438\u044e \u043e\u0442 \u0430\u0432\u0438\u0430\u043a\u043e\u043c\u043f\u0430\u043d\u0438\u0438 \u0437\u0430 \u0437\u0430\u0434\u0435\u0440\u0436\u0430\u043d\u043d\u044b\u0439 \u0438\u043b\u0438 \u043e\u0442\u043c\u0435\u043d\u0435\u043d\u043d\u044b\u0439 \u0440\u0435\u0439\u0441. 50 \u20ac \u0437\u0430 \u043e\u0434\u043d\u043e\u0433\u043e \u0447\u0435\u043b\u043e\u0432\u0435\u043a\u0430. \n<\/p><a href=\"https:\/\/harmonytour.lv\/ru\/?page_id=1496\" class=\"th-btn style4 th-icon\">\u0421\u0432\u044f\u0437\u0430\u0442\u044c\u0441\u044f<\/a><\/div><\/div><\/div><div class=\"col-xl-3 col-lg-4 col-md-6\"><div class=\"destination-item th-ani\"><div class=\"destination-item_img global-img\"><img decoding=\"async\" src=\"https:\/\/harmonytour.lv\/wp-content\/uploads\/2025\/01\/3.png\" alt=\"3\"  \/><\/div><div class=\"destination-content\"><h3 class=\"box-title title\"><a href=\"https:\/\/harmonytour.lv\/ru\/?page_id=1496\">\u041f\u043b\u0430\u043d\u0438\u0440\u043e\u0432\u0430\u043d\u0438\u0435 \u043f\u0443\u0442\u0435\u0448\u0435\u0441\u0442\u0432\u0438\u0439 \u0438 \u043a\u043e\u043d\u0441\u0443\u043b\u044c\u0442\u0430\u0446\u0438\u0438<\/a><\/h3><p class=\"destination-text trip_count\">\u041f\u043e\u043c\u043e\u0449\u044c \u0432 \u0432\u044b\u0431\u043e\u0440\u0435 \u043d\u0430\u043f\u0440\u0430\u0432\u043b\u0435\u043d\u0438\u044f \u0441 \u0443\u0447\u0435\u0442\u043e\u043c \u0438\u043d\u0442\u0435\u0440\u0435\u0441\u043e\u0432 \u0438 \u0431\u044e\u0434\u0436\u0435\u0442\u0430 \u043a\u043b\u0438\u0435\u043d\u0442\u0430.<\/p><a href=\"https:\/\/harmonytour.lv\/ru\/?page_id=1496\" class=\"th-btn style4 th-icon\">\u0421\u0432\u044f\u0437\u0430\u0442\u044c\u0441\u044f<\/a><\/div><\/div><\/div><div class=\"col-xl-3 col-lg-4 col-md-6\"><div class=\"destination-item th-ani\"><div class=\"destination-item_img global-img\"><img decoding=\"async\" src=\"https:\/\/harmonytour.lv\/wp-content\/uploads\/2025\/01\/5.png\" alt=\"5\"  \/><\/div><div class=\"destination-content\"><h3 class=\"box-title title\"><a href=\"https:\/\/harmonytour.lv\/ru\/?page_id=1496\">\u0421\u043e\u0441\u0442\u0430\u0432\u043b\u0435\u043d\u0438\u0435 \u0438\u043d\u0434\u0438\u0432\u0438\u0434\u0443\u0430\u043b\u044c\u043d\u043e\u0439 \u043f\u0440\u043e\u0433\u0440\u0430\u043c\u043c\u044b<\/a><\/h3><p class=\"destination-text trip_count\">\u041f\u043b\u0430\u043d\u0438\u0440\u043e\u0432\u0430\u043d\u0438\u0435 \u044d\u043a\u0441\u043a\u0443\u0440\u0441\u0438\u0439 \u0438 \u0430\u043a\u0442\u0438\u0432\u043d\u043e\u0441\u0442\u0435\u0439 \u0432 \u0441\u043e\u043e\u0442\u0432\u0435\u0442\u0441\u0442\u0432\u0438\u0438 \u0441 \u043f\u043e\u0436\u0435\u043b\u0430\u043d\u0438\u044f\u043c\u0438 \u0438 \u0432\u043e\u0437\u043c\u043e\u0436\u043d\u043e\u0441\u0442\u044f\u043c\u0438 \u043a\u0430\u0436\u0434\u043e\u0433\u043e.\n<\/p><a href=\"https:\/\/harmonytour.lv\/ru\/?page_id=1496\" class=\"th-btn style4 th-icon\">\u0421\u0432\u044f\u0437\u0430\u0442\u044c\u0441\u044f<\/a><\/div><\/div><\/div><div class=\"col-xl-3 col-lg-4 col-md-6\"><div class=\"destination-item th-ani\"><div class=\"destination-item_img global-img\"><img decoding=\"async\" src=\"https:\/\/harmonytour.lv\/wp-content\/uploads\/2025\/01\/6.png\" alt=\"6\"  \/><\/div><div class=\"destination-content\"><h3 class=\"box-title title\"><a href=\"https:\/\/harmonytour.lv\/ru\/?page_id=1496\">\u041c\u0435\u0441\u0442\u043d\u044b\u0435 \u044d\u043a\u0441\u043a\u0443\u0440\u0441\u0438\u0438<\/a><\/h3><p class=\"destination-text trip_count\">\u041e\u0440\u0433\u0430\u043d\u0438\u0437\u0430\u0446\u0438\u044f \u0443\u0441\u043b\u0443\u0433 \u0433\u0438\u0434\u0430 \u0438\u043b\u0438 \u043f\u0440\u0438\u043a\u043b\u044e\u0447\u0435\u043d\u0447\u0435\u0441\u043a\u0438\u0445 \u0430\u043a\u0442\u0438\u0432\u043d\u043e\u0441\u0442\u0435\u0439.<\/p><a href=\"https:\/\/harmonytour.lv\/ru\/?page_id=1496\" class=\"th-btn style4 th-icon\">\u0421\u0432\u044f\u0437\u0430\u0442\u044c\u0441\u044f<\/a><\/div><\/div><\/div><div class=\"col-xl-3 col-lg-4 col-md-6\"><div class=\"destination-item th-ani\"><div class=\"destination-item_img global-img\"><img decoding=\"async\" src=\"https:\/\/harmonytour.lv\/wp-content\/uploads\/2025\/01\/7.png\" alt=\"7\"  \/><\/div><div class=\"destination-content\"><h3 class=\"box-title title\"><a href=\"https:\/\/harmonytour.lv\/ru\/?page_id=1496\">\u041c\u0430\u0440\u0448\u0440\u0443\u0442\u044b<\/a><\/h3><p class=\"destination-text trip_count\">\u0420\u0435\u043a\u043e\u043c\u0435\u043d\u0434\u0430\u0446\u0438\u0438 \u043f\u043e \u043c\u0430\u0440\u0448\u0440\u0443\u0442\u0430\u043c \u0438 \u0432\u0438\u0434\u0430\u043c \u0430\u043a\u0442\u0438\u0432\u043d\u043e\u0441\u0442\u0435\u0439.<\/p><a href=\"https:\/\/harmonytour.lv\/ru\/?page_id=1496\" class=\"th-btn style4 th-icon\">\u0421\u0432\u044f\u0437\u0430\u0442\u044c\u0441\u044f<\/a><\/div><\/div><\/div><div class=\"col-xl-3 col-lg-4 col-md-6\"><div class=\"destination-item th-ani\"><div class=\"destination-item_img global-img\"><img decoding=\"async\" src=\"https:\/\/harmonytour.lv\/wp-content\/uploads\/2025\/01\/8.png\" alt=\"8\"  \/><\/div><div class=\"destination-content\"><h3 class=\"box-title title\"><a href=\"https:\/\/harmonytour.lv\/ru\/?page_id=1496\">\u0421\u043e\u0441\u0442\u0430\u0432\u043b\u0435\u043d\u0438\u0435 \u043f\u0440\u043e\u0433\u0440\u0430\u043c\u043c\u044b \u043f\u043e \u0413\u0440\u0443\u0437\u0438\u0438:<\/a><\/h3><p class=\"destination-text trip_count\">1 \u0434\u0435\u043d\u044c \u2013 20 \u20ac\n\u041d\u0435\u0434\u0435\u043b\u044f \u2013 100 \u20ac<\/p><a href=\"https:\/\/harmonytour.lv\/ru\/?page_id=1496\" class=\"th-btn style4 th-icon\">\u0421\u0432\u044f\u0437\u0430\u0442\u044c\u0441\u044f<\/a><\/div><\/div><\/div><div class=\"col-xl-3 col-lg-4 col-md-6\"><div class=\"destination-item th-ani\"><div class=\"destination-item_img global-img\"><img decoding=\"async\" src=\"https:\/\/harmonytour.lv\/wp-content\/uploads\/2025\/01\/9.png\" alt=\"9\"  \/><\/div><div class=\"destination-content\"><h3 class=\"box-title title\"><a href=\"https:\/\/harmonytour.lv\/ru\/?page_id=1496\">\u0421\u043e\u0441\u0442\u0430\u0432\u043b\u0435\u043d\u0438\u0435 \u043f\u0440\u043e\u0433\u0440\u0430\u043c\u043c\u044b \u043f\u043e \u0415\u0432\u0440\u043e\u043f\u0435:<\/a><\/h3><p class=\"destination-text trip_count\">1 \u0434\u0435\u043d\u044c \u2013 30 \u20ac\n\u041d\u0435\u0434\u0435\u043b\u044f \u2013 150 \u20ac<\/p><a href=\"https:\/\/harmonytour.lv\/ru\/?page_id=1496\" class=\"th-btn style4 th-icon\">\u0421\u0432\u044f\u0437\u0430\u0442\u044c\u0441\u044f<\/a><\/div><\/div><\/div><div class=\"col-xl-3 col-lg-4 col-md-6\"><div class=\"destination-item th-ani\"><div class=\"destination-item_img global-img\"><img decoding=\"async\" src=\"https:\/\/harmonytour.lv\/wp-content\/uploads\/2025\/01\/10.png\" alt=\"10\"  \/><\/div><div class=\"destination-content\"><h3 class=\"box-title title\"><a href=\"https:\/\/harmonytour.lv\/ru\/?page_id=1496\">\u0421\u043e\u0441\u0442\u0430\u0432\u043b\u0435\u043d\u0438\u0435 \u043f\u0440\u043e\u0433\u0440\u0430\u043c\u043c\u044b \u0437\u0430 \u043f\u0440\u0435\u0434\u0435\u043b\u0430\u043c\u0438 \u0415\u0432\u0440\u043e\u043f\u044b:<\/a><\/h3><p class=\"destination-text trip_count\">1 \u0434\u0435\u043d\u044c \u2013 50 \u20ac\n\u041d\u0435\u0434\u0435\u043b\u044f \u2013 250 \u20ac<\/p><a href=\"https:\/\/harmonytour.lv\/ru\/?page_id=1496\" class=\"th-btn style4 th-icon\">\u0421\u0432\u044f\u0437\u0430\u0442\u044c\u0441\u044f<\/a><\/div><\/div><\/div><div class=\"col-xl-3 col-lg-4 col-md-6\"><div class=\"destination-item th-ani\"><div class=\"destination-item_img global-img\"><img decoding=\"async\" src=\"https:\/\/harmonytour.lv\/wp-content\/uploads\/2025\/01\/11.png\" alt=\"11\"  \/><\/div><div class=\"destination-content\"><h3 class=\"box-title title\"><a href=\"https:\/\/harmonytour.lv\/ru\/?page_id=1496\">\u0411\u0440\u043e\u043d\u0438\u0440\u043e\u0432\u0430\u043d\u0438\u0435 \u0436\u0438\u043b\u044c\u044f<\/a><\/h3><p class=\"destination-text trip_count\">\u041e\u0442\u0435\u043b\u0438, \u0430\u043f\u0430\u0440\u0442\u0430\u043c\u0435\u043d\u0442\u044b, \u043a\u0443\u0440\u043e\u0440\u0442\u044b \u0438\u043b\u0438 \u0434\u0440\u0443\u0433\u0438\u0435 \u0432\u0430\u0440\u0438\u0430\u043d\u0442\u044b \u0440\u0430\u0437\u043c\u0435\u0449\u0435\u043d\u0438\u044f \u0432 \u0441\u043e\u043e\u0442\u0432\u0435\u0442\u0441\u0442\u0432\u0438\u0438 \u0441 \u043f\u043e\u0436\u0435\u043b\u0430\u043d\u0438\u044f\u043c\u0438. 50 \u20ac  <\/p><a href=\"https:\/\/harmonytour.lv\/ru\/?page_id=1496\" class=\"th-btn style4 th-icon\">\u0421\u0432\u044f\u0437\u0430\u0442\u044c\u0441\u044f<\/a><\/div><\/div><\/div><div class=\"col-xl-3 col-lg-4 col-md-6\"><div class=\"destination-item th-ani\"><div class=\"destination-item_img global-img\"><img decoding=\"async\" src=\"https:\/\/harmonytour.lv\/wp-content\/uploads\/2025\/01\/12.png\" alt=\"12\"  \/><\/div><div class=\"destination-content\"><h3 class=\"box-title title\"><a href=\"https:\/\/harmonytour.lv\/ru\/?page_id=1496\">\u0422\u0440\u0430\u043d\u0441\u0444\u0435\u0440\u044b<\/a><\/h3><p class=\"destination-text trip_count\">\u041e\u0440\u0433\u0430\u043d\u0438\u0437\u0430\u0446\u0438\u044f \u0432\u044b\u0433\u043e\u0434\u043d\u043e\u0433\u043e \u0442\u0440\u0430\u043d\u0441\u043f\u043e\u0440\u0442\u0430 \u0438\u0437\/\u0432 \u0430\u044d\u0440\u043e\u043f\u043e\u0440\u0442.<\/p><a href=\"https:\/\/harmonytour.lv\/ru\/?page_id=1496\" class=\"th-btn style4 th-icon\">\u0421\u0432\u044f\u0437\u0430\u0442\u044c\u0441\u044f<\/a><\/div><\/div><\/div><div class=\"col-xl-3 col-lg-4 col-md-6\"><div class=\"destination-item th-ani\"><div class=\"destination-item_img global-img\"><img decoding=\"async\" src=\"https:\/\/harmonytour.lv\/wp-content\/uploads\/2025\/01\/13.png\" alt=\"13\"  \/><\/div><div class=\"destination-content\"><h3 class=\"box-title title\"><a href=\"https:\/\/harmonytour.lv\/ru\/?page_id=1496\">\u0413\u0440\u0443\u043f\u043f\u043e\u0432\u044b\u0435 \u043f\u0443\u0442\u0435\u0448\u0435\u0441\u0442\u0432\u0438\u044f<\/a><\/h3><p class=\"destination-text trip_count\">\u0421\u043f\u0435\u0446\u0438\u0430\u043b\u0438\u0437\u0438\u0440\u043e\u0432\u0430\u043d\u043d\u044b\u0435 \u043f\u0440\u043e\u0433\u0440\u0430\u043c\u043c\u044b \u0434\u043b\u044f \u0433\u0440\u0443\u043f\u043f, \u043d\u0430\u043f\u0440\u0438\u043c\u0435\u0440, \u043a\u043e\u0440\u043f\u043e\u0440\u0430\u0442\u0438\u0432\u043d\u044b\u0435 \u043c\u0435\u0440\u043e\u043f\u0440\u0438\u044f\u0442\u0438\u044f \u0438\u043b\u0438 \u0442\u0435\u043c\u0430\u0442\u0438\u0447\u0435\u0441\u043a\u0438\u0435 \u043f\u043e\u0435\u0437\u0434\u043a\u0438, \u043a\u043e\u043c\u0430\u043d\u0434\u0438\u0440\u043e\u0432\u043a\u0438. 350 \u20ac<\/p><a href=\"https:\/\/harmonytour.lv\/ru\/?page_id=1496\" class=\"th-btn style4 th-icon\">\u0421\u0432\u044f\u0437\u0430\u0442\u044c\u0441\u044f<\/a><\/div><\/div><\/div><\/div>\t\t\t\t<\/div>\n\t\t\t\t<\/div>\n\t\t\t\t<\/div>\n\t\t\t\t<\/div>\n\t\t\t\t<\/div>","protected":false},"excerpt":{"rendered":"<p>Izdev\u012bgu lidojumu rezerv\u0101cija Aviobi\u013ce\u0161u mekl\u0113\u0161ana un rezerv\u0113\u0161ana ar izdev\u012bg\u0101kajiem nosac\u012bjumiem. 20 \u20ac Sazin\u0101ties Pretenzijas sast\u0101di\u0161ana Iesp\u0113ja sa\u0146emt atl\u012bdz\u012bbu no aviokomp\u0101nijas par aizkav\u0113tu vai atceltu lidojumu. 50 \u20ac par vienu personu. Sazin\u0101ties Ce\u013cojumu pl\u0101no\u0161ana un konsult\u0101cijas Pal\u012bdz\u012bba izv\u0113l\u0113ties galam\u0113r\u0137i, \u0146emot v\u0113r\u0101 klienta intereses un bud\u017eetu. Sazin\u0101ties Individu\u0101lu programmas sast\u0101d\u012b\u0161ana Ekskursiju un aktivit\u0101t\u0101\u0161u pl\u0101no\u0161ana atbilsto\u0161i v\u0113lm\u0113m un&#8230;<\/p>","protected":false},"author":1,"featured_media":0,"parent":0,"menu_order":0,"comment_status":"closed","ping_status":"closed","template":"","meta":{"footnotes":""},"class_list":["post-4080","page","type-page","status-publish","hentry"],"_links":{"self":[{"href":"https:\/\/harmonytour.lv\/ru\/wp-json\/wp\/v2\/pages\/4080","targetHints":{"allow":["GET"]}}],"collection":[{"href":"https:\/\/harmonytour.lv\/ru\/wp-json\/wp\/v2\/pages"}],"about":[{"href":"https:\/\/harmonytour.lv\/ru\/wp-json\/wp\/v2\/types\/page"}],"author":[{"embeddable":true,"href":"https:\/\/harmonytour.lv\/ru\/wp-json\/wp\/v2\/users\/1"}],"replies":[{"embeddable":true,"href":"https:\/\/harmonytour.lv\/ru\/wp-json\/wp\/v2\/comments?post=4080"}],"version-history":[{"count":31,"href":"https:\/\/harmonytour.lv\/ru\/wp-json\/wp\/v2\/pages\/4080\/revisions"}],"predecessor-version":[{"id":4516,"href":"https:\/\/harmonytour.lv\/ru\/wp-json\/wp\/v2\/pages\/4080\/revisions\/4516"}],"wp:attachment":[{"href":"https:\/\/harmonytour.lv\/ru\/wp-json\/wp\/v2\/media?parent=4080"}],"curies":[{"name":"wp","href":"https:\/\/api.w.org\/{rel}","templated":true}]}}